{"id":5,"date":"2020-03-30T18:23:38","date_gmt":"2020-03-30T18:23:38","guid":{"rendered":"https:\/\/ponteshare.ddns.net\/clients\/francolipuma\/?page_id=5"},"modified":"2026-04-02T19:42:25","modified_gmt":"2026-04-02T19:42:25","slug":"ueber-mich","status":"publish","type":"page","link":"https:\/\/francolipuma.com\/index.php\/ueber-mich\/","title":{"rendered":"\u00dcber mich"},"content":{"rendered":"\n<div class=\"wp-block-columns is-layout-flex wp-container-core-columns-is-layout-9d6595d7 wp-block-columns-is-layout-flex\">\n<div class=\"wp-block-column is-layout-flow wp-block-column-is-layout-flow\">\n<h3 class=\"wp-block-heading\">Meine Geschichte<\/h3>\n\n\n\n<p>Bereits mit 10 Jahren bet\u00e4tigte ich mich regelm\u00e4ssig als Caddy im GC Hittnau wo ich als Jugendlicher mein Taschengeld aufbesserte. &#171;Ich lernte, indem ich die Spieler beobachtete und Sie dann imitierte&#187;. So gewann ich auch 5 x die Caddie Meisterschaft. Der Wunsch zum Golfprofi wurde jedoch vom Berufsberater begraben und so begann ich meine Ausbildung als Automechaniker. W\u00e4hrend meiner beruflichen T\u00e4tigkeit bei der AMAG in Z\u00fcrich und Idiag AG, wurde das Golfspiel aus finanziellen Gr\u00fcnden eingestellt, bis ich dann, 12 Jahre sp\u00e4ter, auf einer Fahrt auf der A53 an der Golfanlage Bubikon vorbeifuhr. In Jeans und Stiefeln lieh ich mir spontan einige Schl\u00e4ger und schlug einen Korb B\u00e4lle. Das Feuer in mir Golf zu spielen war wieder entflammt und von da an ging meine Karriere steil bergauf. 1997 folgte die Ernennung ins Nationalkader und 1999 der Wechsel ins Profilager. Im Jahre 2006 spielte ich meine erste volle Saison als Profi-Spieler und gebe in meiner knappen Freizeit noch als Pro der Swiss PGA Golf-Unterricht.<\/p>\n<\/div>\n\n\n\n<div class=\"wp-block-column is-layout-flow wp-block-column-is-layout-flow\">\n<figure class=\"wp-block-image size-large is-resized\"><img loading=\"lazy\" decoding=\"async\" width=\"390\" height=\"600\" src=\"https:\/\/francolipuma.ch\/wp-content\/uploads\/2020\/05\/franco_24.jpg\" alt=\"\" class=\"wp-image-856\" style=\"width:348px;height:534px\" srcset=\"https:\/\/francolipuma.com\/wp-content\/uploads\/2020\/05\/franco_24.jpg 390w, https:\/\/francolipuma.com\/wp-content\/uploads\/2020\/05\/franco_24-195x300.jpg 195w\" sizes=\"auto, (max-width: 390px) 100vw, 390px\" \/><\/figure>\n\n\n\n<p><\/p>\n<\/div>\n<\/div>\n\n\n\n<div class=\"wp-block-columns is-layout-flex wp-container-core-columns-is-layout-9d6595d7 wp-block-columns-is-layout-flex\">\n<div class=\"wp-block-column is-layout-flow wp-block-column-is-layout-flow\">\n<h3 class=\"wp-block-heading\">Sportlicher Werdegang<\/h3>\n\n\n\n<ul class=\"wp-block-list\">\n<li>2006 1. Saison als Playing Professional<\/li>\n\n\n\n<li>1999 Wechsel zum Profigolfer (Member Swiss PGA)<\/li>\n\n\n\n<li>1997 Aufnahme ins Nationalkader der Amateure ASG<\/li>\n\n\n\n<li>(s\u00e4mtliche Turniere 1997 + 1998 im Ausland gespielt)<\/li>\n\n\n\n<li>1994 Wiederaufnahme des Golfspiels<\/li>\n\n\n\n<li>1981 Beginn der Lehre als Automechaniker,<\/li>\n\n\n\n<li>(Abbruch des Golfspiels aus finanziellen Gr\u00fcnden)<\/li>\n\n\n\n<li>1976 &#8211; 1981 Caddy-Meisterschaft 5 x Sieger in Serie&nbsp;<\/li>\n\n\n\n<li>1975   Caddy in Hittnau<\/li>\n\n\n\n<li>1977 &#8211; 1993 laufendes Karatetraining<\/li>\n\n\n\n<li>bis zum 1. Dan (schwarzer G\u00fcrtel)<\/li>\n<\/ul>\n<\/div>\n\n\n\n<div class=\"wp-block-column is-layout-flow wp-block-column-is-layout-flow\">\n<h3 class=\"wp-block-heading\">Berufliche Erfahrung<\/h3>\n\n\n\n<ul class=\"wp-block-list\">\n<li>2009 &#8211; heute  Golf-Lehrer im GC Kyburg<\/li>\n\n\n\n<li>2001 &#8211; 2009  Golf-Lehrer im GC Bubikon<\/li>\n\n\n\n<li>1999 &#8211; 2001  Golf-Lehrer im Milandia Greifensee<\/li>\n\n\n\n<li>1996 &#8211; 1998  Idiag Volketswil Werkstattmitarbeiter<\/li>\n\n\n\n<li>1981 &#8211; 1996  Amag Z\u00fcrich (Kundendienstberater, Werkstattleiter,&nbsp;Gruppenleiter, Automechaniker)<\/li>\n<\/ul>\n\n\n\n<h3 class=\"wp-block-heading\">Zusatz-Ausbildung<\/h3>\n\n\n\n<ul class=\"wp-block-list\">\n<li>2016 &nbsp; A Trainer&nbsp;Swiss Golf<\/li>\n\n\n\n<li>2016 &nbsp; Jugend + Sport &nbsp;Golf Nachwuchstrainer&nbsp;<\/li>\n\n\n\n<li>2012 &nbsp; Jugend + Sport &nbsp;Golf Leiter 1&nbsp;<\/li>\n\n\n\n<li>1992 &#8211; 1995 Handelsdiplom VSH, dipl. Marketingplaner<\/li>\n<\/ul>\n<\/div>\n<\/div>\n\n\n\n<div class=\"wp-block-columns is-layout-flex wp-container-core-columns-is-layout-9d6595d7 wp-block-columns-is-layout-flex\">\n<div class=\"wp-block-column is-layout-flow wp-block-column-is-layout-flow\">\n<h3 class=\"wp-block-heading\"><strong>Highlights<\/strong><\/h3>\n\n\n\n<ul class=\"wp-block-list\">\n<li>2025 5. Rang Swiss PGA Championship Neuchatel  75, 77, 76<\/li>\n\n\n\n<li>2024 3. Rang Swiss PGA Tour Zumikon 71, 74<\/li>\n\n\n\n<li>2023 4. Rang Swiss PGA Championship Interlaken 72, 75, 73<\/li>\n\n\n\n<li>2023 1. Rang Swiss PGA Tour Erlen 72, 80<\/li>\n\n\n\n<li>2023 1. Rang Swiss PGA Tour Kandern 66, 75 (-3)<\/li>\n\n\n\n<li>2022 5. Rang Swiss PGA Tour Kandern 69, 79<\/li>\n\n\n\n<li>2022  4. Rang Swiss PGA Tour Leuk 72, 74<\/li>\n\n\n\n<li>2021 2. Rang Swiss PGA Championship Neuch\u00e2tel 68, 82, 74<\/li>\n\n\n\n<li>2021 3. Rang Swiss PGA Tour Leuk 74 ,76<\/li>\n\n\n\n<li>2021    1. Rang Swiss PGA Tour Kandern 66 (-6)<\/li>\n\n\n\n<li>2020 4. Rang Swiss PGA Tour Lugano 72, 69 (-1)<\/li>\n\n\n\n<li>2020 5. Rang Swiss PGA Championship Z\u00fcrichsee 75, 73, 76<\/li>\n\n\n\n<li>2020 3. Rang Swiss PGA Tour Andermatt 75, 73<\/li>\n\n\n\n<li>2020 4. Rang Swiss PGA Tour Leuk 72, 77<\/li>\n\n\n\n<li>2019    1. Rang Swiss PGA Tour, Lugano 73&nbsp;<\/li>\n\n\n\n<li>2019 &nbsp;4. Rang Swiss PGA Matchplay Z\u00fcrichsee<\/li>\n\n\n\n<li>2019 &nbsp;1. Rang Swiss PGA Tour Leuk 70, 75<\/li>\n\n\n\n<li>2018 &nbsp;2. Rang Swiss PGA Tour, Lugano 70, 81<\/li>\n\n\n\n<li> 2018 &nbsp;2. Rang Swiss PGA Matchplay, Emmental<\/li>\n\n\n\n<li>2018 &nbsp;4. Rang Suisse Central, Luzern 70, 75, 72 (-2)<\/li>\n\n\n\n<li>2018 &nbsp;1. Rang Swiss PGA Championship, Limpachtal 71, 74, 77<\/li>\n\n\n\n<li>2018 &nbsp;1. Rang Swiss PGA Tour, Kandern 70, 70 (-4)<\/li>\n\n\n\n<li>2018 &nbsp;3. Rang Suisse Oriental, Niederb\u00fcren 72, 76, 79<\/li>\n\n\n\n<li>2017 &nbsp;2. Rang Swiss PGA Tour. Montreux 75, 78<\/li>\n\n\n\n<li> 2017 &nbsp;2. Rang Swiss PGA Matchplay, Niederb\u00fcren<\/li>\n\n\n\n<li>2017 &nbsp;1. Rang Swiss PGA Championship, Erlen&nbsp;70, 70, 75<\/li>\n\n\n\n<li>2017 &nbsp;1. Rang Swiss PGA Tour, Kandern 72, 71 (-1)<\/li>\n\n\n\n<li>2017 &nbsp;1. Rang Swiss PGA Tour, Basel 72, 74 (+2)<\/li>\n\n\n\n<li>2017 &nbsp;2. Rang Swiss PGA Tour, Leuk 76, 70 (+2)<\/li>\n\n\n\n<li>2016 &nbsp;1. Rang Swiss PGA Tour Final, Bonmont 71, 75&nbsp;<\/li>\n\n\n\n<li> 2016 &nbsp;1. Rang Seniors Masters GC Redding 71 (-1)<\/li>\n\n\n\n<li> 2016 &nbsp;1. Rang Swiss PGA Matchplay, Luzern (3\/2)<\/li>\n\n\n\n<li>2016 &nbsp;1. Rang Steisslingen Showdown 70, 70 (-4)<\/li>\n\n\n\n<li>2016 &nbsp;1. Rang Swiss PGA Championship Andermatt<\/li>\n\n\n\n<li>2016 &nbsp;2. Rang Swiss PGA Tour, Kandern 72, 73 (+1)<\/li>\n\n\n\n<li>2015 &nbsp;4. Rang Swiss PGA Tour, Emmental 69, 69 (-6)<\/li>\n\n\n\n<li>2015 &nbsp;2. Rang Steisslingen Showdown 71, 72 (-1)<\/li>\n\n\n\n<li>2015 &nbsp;3. Rang Short Game Championship Thun (-8)<\/li>\n\n\n\n<li>2014 &nbsp;5. Rang Swiss PGA Tour, Bonmont 69, 71, 72&nbsp;<\/li>\n\n\n\n<li>2014 &nbsp;3. Rang Swiss PGA Tour, Kandern 67, 71 (-6)<\/li>\n\n\n\n<li>2014 &nbsp;4. Rang Seniors Masters, Forest Hills 73, 70 (-1)<\/li>\n\n\n\n<li> 2014 &nbsp;6. Rang Short Game Championship,Thun (-9)<\/li>\n\n\n\n<li>2014 &nbsp;5. Rang Swiss Team Championship Waldkirch (-11)<\/li>\n\n\n\n<li> 2013 &nbsp;4. Rang Seniors Masters Open, Wales (-2)<\/li>\n\n\n\n<li> 2012 &nbsp;1. Rang Lisboa Golf Coast Open, Portugal<\/li>\n\n\n\n<li>2011 &nbsp;5. Rang Titleist Classic, Payerne 71, 65 (-4)<\/li>\n\n\n\n<li> 2010 &nbsp;4. Rang Swiss Matchplay, (Lost to Raphael de Sousa)<\/li>\n\n\n\n<li>2010 &nbsp;5. Rang Swiss PGA Tour, Kandern 68, 71 (-5)<\/li>\n\n\n\n<li>2010 &nbsp;5. Rang Short Game Championship Thun (-11)<\/li>\n\n\n\n<li>2010 &nbsp;1. Rang Swiss Team Championship Wylihof 67, 65 (-14)<\/li>\n\n\n\n<li> 2009 &nbsp;2. Rang Swiss PGA Tour, Luzern 73, 69 (-4)<\/li>\n\n\n\n<li> 2009 &nbsp;3. Rang Swiss PGA Tour, Heidental, 71,70 (-3)<\/li>\n\n\n\n<li> 2009 &nbsp;5. Rang Swiss PGA Tour, Kandern, 68, 70 (-6)<\/li>\n\n\n\n<li>2008 &nbsp;1. Rang Championnat Suisse Central&nbsp; 73, 75,76 (+8)<\/li>\n\n\n\n<li>2007 &nbsp;5. Rang Swiss PGA Tour, Lavaux&nbsp; 69, 70 (-5)<\/li>\n\n\n\n<li>2007 &nbsp;5. Rang Championnat Suisse Oriental 75, 69,75 (+3)<\/li>\n\n\n\n<li> 2007 &nbsp;1. Rang Swiss PGA Tour, Gruyere 67 (-1)<\/li>\n\n\n\n<li>2006 &nbsp;4. Rang Swiss PGA Tour, Lavaux &nbsp;69, 70 (-5)<\/li>\n\n\n\n<li>2006 &nbsp;3. Rang Swiss PGA Tour, Kandern 70, 76 (+2)<\/li>\n\n\n\n<li>2006 &nbsp;1. Rang Swiss PGA Tour, Losone&nbsp; 74, 66 (-2)<\/li>\n\n\n\n<li>2006 &nbsp;1. Rang Swiss PGA Tour, Gruyere&nbsp; 68, 63 (-5)<\/li>\n\n\n\n<li>2005 &nbsp;1. Rang Swiss PGA Tour, Lavaux&nbsp; 68, 66 (-10)<\/li>\n\n\n\n<li>2005 &nbsp;3. Rang Championnat Suisse Orientale 71, 72, 69 (-4)<\/li>\n\n\n\n<li>2005 &nbsp;5. Swiss PGA Championship Blumisberg 70, 76, 72 (+2)<\/li>\n\n\n\n<li>2005 &nbsp;9. Rang G\u00f6sser Open (Alps-Tour) 72, 69, 67 (-8)<\/li>\n\n\n\n<li>2005 &nbsp;9. Rang Open Torino (Alps-Tour) &nbsp;71, 70, 70 (-2)<\/li>\n\n\n\n<li>2004 &nbsp;5. Rang Waldviertel (Alps-Tour) 73, 69, 66 (-8)<\/li>\n\n\n\n<li>2004 &nbsp;3. Rang Championnat Suisse Romande 67, 74, 73 (-2)<\/li>\n\n\n\n<li>2002 &nbsp;6. Rang Swiss PGA Championship Losone 65, 75 (-2)<\/li>\n\n\n\n<li> 2001 &nbsp;1. Rang Championnat Suisse Centrale&nbsp;<\/li>\n\n\n\n<li> 2001 &nbsp;19. Rang Davidoff-Nation-Cup, Kuala Lumpur&nbsp;<\/li>\n<\/ul>\n\n\n\n<figure class=\"wp-block-image size-large is-resized\"><img loading=\"lazy\" decoding=\"async\" width=\"390\" height=\"600\" src=\"https:\/\/francolipuma.ch\/wp-content\/uploads\/2020\/05\/franco_21.jpg\" alt=\"\" class=\"wp-image-855\" style=\"width:262px;height:403px\" srcset=\"https:\/\/francolipuma.com\/wp-content\/uploads\/2020\/05\/franco_21.jpg 390w, https:\/\/francolipuma.com\/wp-content\/uploads\/2020\/05\/franco_21-195x300.jpg 195w\" sizes=\"auto, (max-width: 390px) 100vw, 390px\" \/><\/figure>\n\n\n\n<p><\/p>\n<\/div>\n\n\n\n<div class=\"wp-block-column is-layout-flow wp-block-column-is-layout-flow\">\n<h3 class=\"wp-block-heading\"><strong>Lowest round<\/strong><\/h3>\n\n\n\n<ul class=\"wp-block-list\">\n<li>62 (-9) Trainingsrunde 2020, Kyburg, Switzerland<\/li>\n\n\n\n<li>64 (-8) Trainingsrunde 2005, Pasha Golf, Turkey<\/li>\n\n\n\n<li>65 (-8) Trainingsrunde 2001, Canyamel, Spain<\/li>\n\n\n\n<li>65 (-7) Trainingsrunde 2019, Anfi Tauro, Gran Canaria<\/li>\n\n\n\n<li>64 (-7) Trainingsrunde 2015 &amp; 2018, Kyburg, Switzerland<\/li>\n\n\n\n<li>66 (-6) Swiss PGA Tour 2023 Kandern, Deutschland<\/li>\n\n\n\n<li>66 (-6) Swiss PGA Tour 2021 Kandern, Deutschland <\/li>\n\n\n\n<li>66 (-6) Suisse Romande 2007 Lavaux, Switzerland<\/li>\n\n\n\n<li>66 (-6) Trainingsrunde 2006, Gloria New Course, Turkey<\/li>\n\n\n\n<li>66 (-6) Open de Pavoniere 2006 (Alps-Tour), Italy<\/li>\n\n\n\n<li>65 (-6) Omnium Suisse, 2006 Waldkirch, Switzerland<\/li>\n\n\n\n<li>66 (-6) Waldviertel Open 2004 (Alps-Tour), Austria<\/li>\n\n\n\n<li>65 (-6) Swiss PGA Champ. 2002 Losone, Switzerland<\/li>\n\n\n\n<li>67 (-5) Swiss PGA Tour 2014 Kandern, Deutschland<\/li>\n\n\n\n<li>65 (-5) Titlelst Classic 2011 Payerne, Switzerland <\/li>\n\n\n\n<li>68 (-5) Swiss PGA Tour 2009 Luzern, Switzerland<\/li>\n\n\n\n<li>66 (-5) Swiss PGA Tour 2006 Losone, Switzerland<\/li>\n\n\n\n<li>63 (-5) Swiss PGA Tour 2006 Gruyere, Switzerland<\/li>\n\n\n\n<li>67 (-5) Open de Pavoniere 2006 (Alps-Tour), italy<\/li>\n\n\n\n<li>67 (-5) Open le Fronte 2005 (Alps-Tour), Italy<\/li>\n\n\n\n<li>67 (-5)Open de Pavoniere 2005 (Alps-Tour), Italy<\/li>\n\n\n\n<li>67 (-5) G\u00f6sser Open 2005 (Alps-Tour), Austria<\/li>\n\n\n\n<li>67 (-5) Suisse Romande 2004 Wallenried, Switzerland<\/li>\n\n\n\n<li>Golfplatz-Rekord &nbsp;68 (-5) 2018 Turnier, Schinznach Bad<\/li>\n\n\n\n<li>Golfplatz-Rekord, 66 (-6) 2007 Ch. Suisse Ro., Lavaux<\/li>\n\n\n\n<li>Golfplatz-Rekord, 63 (-7) 2006 Turnier, Winterberg <\/li>\n\n\n\n<li>Golfplatz-Rekord, 63 (-5) 2006 Swiss PGA Tour, Gruyere <\/li>\n\n\n\n<li>Golfplatz-Rekord, 66 (-6) 2005 Swiss PGA Tour, Lavaux<\/li>\n\n\n\n<li>Golfplatz-Rekord, 65 (-6) 2002 Swiss PGA Champ Losone<\/li>\n<\/ul>\n\n\n\n<h3 class=\"wp-block-heading\"><strong>Specials<\/strong><\/h3>\n\n\n\n<ul class=\"wp-block-list\">\n<li>Albatross <strong>(beim Par 5 den 2. Schlag eingelocht)<\/strong> <\/li>\n\n\n\n<li>am Loch Nr. 2 im GC Kyburg (Eigentraining) 2017<\/li>\n\n\n\n<li>am Loch Nr. 6 im GC Kyburg (mit Freunden) 2025<\/li>\n\n\n\n<li>7 x Hole in One&#8217;s , zuletzt 2024<\/li>\n<\/ul>\n\n\n\n<h3 class=\"wp-block-heading\">Blick in meinen Bag<\/h3>\n\n\n\n<h4 class=\"wp-block-heading\">Equipment<\/h4>\n\n\n\n<ul class=\"wp-block-list\">\n<li><strong>Driver :<\/strong><\/li>\n\n\n\n<li>TaylorMade Qi35 LS 9.0\u00b0<\/li>\n\n\n\n<li>Mitsubishi Tensei 1 K Black 65 X-Flex<\/li>\n\n\n\n<li><strong>Holz 3 :<\/strong><\/li>\n\n\n\n<li>TaylorMade SIM Titanium Fairway 14\u00b0<\/li>\n\n\n\n<li> Mitsubishi Diamana 75 X-Flex<\/li>\n\n\n\n<li><strong>Holz 5 :<\/strong><\/li>\n\n\n\n<li>Taylormade SIM 2 Titanium Fairway 19\u00b0<\/li>\n\n\n\n<li>Mitsubishi Diamana 75 X\u2013Flex<\/li>\n\n\n\n<li><strong>Rescue 3:<\/strong><\/li>\n\n\n\n<li>TaylorMade SIM Max 19\u00b0<\/li>\n\n\n\n<li>Fujikura Ventus 85 X-Flex<\/li>\n\n\n\n<li>I<strong>rons :<\/strong><\/li>\n\n\n\n<li>TaylorMade P 790 from Nr. 4 \u2013 9 &amp; PW<\/li>\n\n\n\n<li>KBS Tour C Taper S-Shaft<\/li>\n\n\n\n<li><strong>Wedges :<\/strong><\/li>\n\n\n\n<li>TaylorMade MG5  52\u00b0 &amp; 60\u00b0&nbsp;<\/li>\n\n\n\n<li>KBS Tour C Taper S-Shaft<\/li>\n\n\n\n<li><strong>Putter :<\/strong><\/li>\n\n\n\n<li>TaylorMade Spider X Copper 34&#8243; length<\/li>\n\n\n\n<li><strong>Ball :<\/strong><\/li>\n\n\n\n<li>Titleist Pro V1<\/li>\n<\/ul>\n\n\n\n<h4 class=\"wp-block-heading\">Golf-Bag<\/h4>\n\n\n\n<p><\/p>\n\n\n\n<ul class=\"wp-block-list\">\n<li>Staff Tour-Bag (British Open) by TaylorMade<\/li>\n<\/ul>\n\n\n\n<h4 class=\"wp-block-heading\">Footwear<\/h4>\n\n\n\n<p><\/p>\n\n\n\n<ul class=\"wp-block-list\">\n<li>FoodJoy Premiere Series Packard<\/li>\n<\/ul>\n\n\n\n<h4 class=\"wp-block-heading\">Clothing<\/h4>\n\n\n\n<p><\/p>\n\n\n\n<ul class=\"wp-block-list\">\n<li> Puma Golf<\/li>\n<\/ul>\n<\/div>\n<\/div>\n","protected":false},"excerpt":{"rendered":"<p>Meine Geschichte Bereits mit 10 Jahren bet\u00e4tigte ich mich regelm\u00e4ssig als Caddy im GC Hittnau wo ich als Jugendlicher mein Taschengeld aufbesserte. &#171;Ich lernte, indem ich die Spieler beobachtete und Sie dann imitierte&#187;. So gewann ich auch 5 x die Caddie Meisterschaft. Der Wunsch zum Golfprofi wurde jedoch vom Berufsberater begraben und so begann ich&nbsp;&hellip;<\/p>\n","protected":false},"author":2,"featured_media":0,"parent":0,"menu_order":0,"comment_status":"closed","ping_status":"closed","template":"","meta":{"footnotes":""},"class_list":["post-5","page","type-page","status-publish","hentry"],"_links":{"self":[{"href":"https:\/\/francolipuma.com\/index.php\/wp-json\/wp\/v2\/pages\/5","targetHints":{"allow":["GET"]}}],"collection":[{"href":"https:\/\/francolipuma.com\/index.php\/wp-json\/wp\/v2\/pages"}],"about":[{"href":"https:\/\/francolipuma.com\/index.php\/wp-json\/wp\/v2\/types\/page"}],"author":[{"embeddable":true,"href":"https:\/\/francolipuma.com\/index.php\/wp-json\/wp\/v2\/users\/2"}],"replies":[{"embeddable":true,"href":"https:\/\/francolipuma.com\/index.php\/wp-json\/wp\/v2\/comments?post=5"}],"version-history":[{"count":140,"href":"https:\/\/francolipuma.com\/index.php\/wp-json\/wp\/v2\/pages\/5\/revisions"}],"predecessor-version":[{"id":2080,"href":"https:\/\/francolipuma.com\/index.php\/wp-json\/wp\/v2\/pages\/5\/revisions\/2080"}],"wp:attachment":[{"href":"https:\/\/francolipuma.com\/index.php\/wp-json\/wp\/v2\/media?parent=5"}],"curies":[{"name":"wp","href":"https:\/\/api.w.org\/{rel}","templated":true}]}}